{"id":2047,"date":"2021-06-04T09:20:27","date_gmt":"2021-06-04T07:20:27","guid":{"rendered":"https:\/\/roodenscilt.be\/?page_id=2047"},"modified":"2025-04-11T12:09:15","modified_gmt":"2025-04-11T10:09:15","slug":"regines-lunch","status":"publish","type":"page","link":"https:\/\/roodenscilt.be\/fr\/regines-lunch\/","title":{"rendered":"R\u00e9gine&rsquo;s lunch &#8211; Menu TSCILT"},"content":{"rendered":"\n<div class=\"wp-block-buttons alignfull m0 is-horizontal is-content-justification-center is-layout-flex wp-container-core-buttons-is-layout-cbcdc57d wp-block-buttons-is-layout-flex\">\n<div class=\"wp-block-button has-custom-width wp-block-button__width-100\"><a class=\"wp-block-button__link has-background-color has-background-background-color has-text-color has-background has-link-color wp-element-button\" href=\"https:\/\/roodenscilt.be\/fr\/menu\/\">Retour \u00e0 la liste des menus<\/a><\/div>\n<\/div>\n\n\n\n<div class=\"wp-block-group alignfull has-tertiary-background-color has-background\"><div class=\"wp-block-group__inner-container is-layout-flow wp-block-group-is-layout-flow\">\n<div class=\"wp-block-cover alignfull is-style-default m0 mb-0 mt-0\" style=\"min-height:251px;aspect-ratio:unset;\"><img data-recalc-dims=\"1\" loading=\"lazy\" decoding=\"async\" width=\"750\" height=\"1000\" data-attachment-id=\"2573\" data-permalink=\"https:\/\/roodenscilt.be\/fr\/regines-lunch\/regine-nieuwe-foto-1\/\" data-orig-file=\"https:\/\/i0.wp.com\/roodenscilt.be\/wp-content\/uploads\/2021\/08\/regine-nieuwe-foto-1.jpg?fit=900%2C1200&amp;ssl=1\" data-orig-size=\"900,1200\" data-comments-opened=\"1\" data-image-meta=\"{&quot;aperture&quot;:&quot;0&quot;,&quot;credit&quot;:&quot;&quot;,&quot;camera&quot;:&quot;&quot;,&quot;caption&quot;:&quot;&quot;,&quot;created_timestamp&quot;:&quot;0&quot;,&quot;copyright&quot;:&quot;&quot;,&quot;focal_length&quot;:&quot;0&quot;,&quot;iso&quot;:&quot;0&quot;,&quot;shutter_speed&quot;:&quot;0&quot;,&quot;title&quot;:&quot;&quot;,&quot;orientation&quot;:&quot;0&quot;}\" data-image-title=\"regine-nieuwe-foto-1\" data-image-description=\"\" data-image-caption=\"\" data-large-file=\"https:\/\/i0.wp.com\/roodenscilt.be\/wp-content\/uploads\/2021\/08\/regine-nieuwe-foto-1.jpg?fit=750%2C1000&amp;ssl=1\" class=\"wp-block-cover__image-background wp-image-2573\" alt=\"\" src=\"https:\/\/i0.wp.com\/roodenscilt.be\/wp-content\/uploads\/2021\/08\/regine-nieuwe-foto-1.jpg?resize=750%2C1000&#038;ssl=1\" data-object-fit=\"cover\" srcset=\"https:\/\/i0.wp.com\/roodenscilt.be\/wp-content\/uploads\/2021\/08\/regine-nieuwe-foto-1.jpg?w=900&amp;ssl=1 900w, https:\/\/i0.wp.com\/roodenscilt.be\/wp-content\/uploads\/2021\/08\/regine-nieuwe-foto-1.jpg?resize=225%2C300&amp;ssl=1 225w, https:\/\/i0.wp.com\/roodenscilt.be\/wp-content\/uploads\/2021\/08\/regine-nieuwe-foto-1.jpg?resize=768%2C1024&amp;ssl=1 768w, https:\/\/i0.wp.com\/roodenscilt.be\/wp-content\/uploads\/2021\/08\/regine-nieuwe-foto-1.jpg?resize=600%2C800&amp;ssl=1 600w, https:\/\/i0.wp.com\/roodenscilt.be\/wp-content\/uploads\/2021\/08\/regine-nieuwe-foto-1.jpg?resize=300%2C400&amp;ssl=1 300w, https:\/\/i0.wp.com\/roodenscilt.be\/wp-content\/uploads\/2021\/08\/regine-nieuwe-foto-1.jpg?resize=150%2C200&amp;ssl=1 150w\" sizes=\"auto, (max-width: 750px) 100vw, 750px\" \/><span aria-hidden=\"true\" class=\"wp-block-cover__background has-background-dim-0 has-background-dim\"><\/span><div class=\"wp-block-cover__inner-container is-layout-flow wp-block-cover-is-layout-flow\">\n<p class=\"has-text-align-center has-large-font-size wp-block-paragraph\"><\/p>\n<\/div><\/div>\n\n\n\n<div class=\"wp-block-coblocks-row alignfull coblocks-row-5395447566 m0 mb-0 mt-0\" data-columns=\"1\" data-layout=\"100\"><div class=\"m0 wp-block-coblocks-row__inner has-background-background-color has-background has-padding has-medium-padding has-no-margin is-stacked-on-mobile has-medium-gutter\">\n<div class=\"wp-block-coblocks-column coblocks-column-5395449139\" style=\"width:100%\"><div class=\"wp-block-coblocks-column__inner has-no-padding has-no-margin\">\n<div class=\"wp-block-group alignfull m0 has-background-background-color has-background mb-0 mt-0\"><div class=\"wp-block-group__inner-container is-layout-flow wp-block-group-is-layout-flow\">\n<p class=\"wp-block-paragraph\" style=\"line-height:1.4\">Le<strong>&nbsp;midi<\/strong>, nous servons&nbsp;<strong>R\u00e9gine\u2019s lunch<\/strong>. Le<strong>&nbsp;soir<\/strong>, le samedi&nbsp;et le dimanche midi un&nbsp;<strong>menu TSCILT<\/strong>&nbsp;est pr\u00e9vu. Ceci au meilleur rapport qualit\u00e9\/prix. Pour ceux qui sont press\u00e9s nous garantissons un service ultra rapide. Evidemment nous continuons \u00e0 \u00eatre acc\u00e9sible pour un plat ou un repas plus elabor\u00e9.<br><\/p>\n\n\n\n<p class=\"wp-block-paragraph\"><\/p>\n\n\n\n<div class=\"wp-block-columns is-layout-flex wp-container-core-columns-is-layout-7387b849 wp-block-columns-is-layout-flex\">\n<div class=\"wp-block-column is-layout-flow wp-block-column-is-layout-flow\" style=\"flex-basis:66.66%\">\n<p class=\"wp-block-paragraph\"><strong>Jeudi-et vendredi midi<\/strong><br>Potage frais + choix de plat de viande ou de poisson<br>Entr\u00e9e + choix de plat de viande ou de poisson<\/p>\n<\/div>\n\n\n\n<div class=\"wp-block-column is-layout-flow wp-block-column-is-layout-flow\" style=\"flex-basis:33.33%\">\n<p class=\"wp-block-paragraph\"><br>\u20ac29,0<br>\u20ac39,0<\/p>\n<\/div>\n<\/div>\n\n\n\n<div class=\"wp-block-columns is-layout-flex wp-container-core-columns-is-layout-7387b849 wp-block-columns-is-layout-flex\"><\/div>\n\n\n\n<div class=\"wp-block-columns is-layout-flex wp-container-core-columns-is-layout-7387b849 wp-block-columns-is-layout-flex\">\n<div class=\"wp-block-column is-layout-flow wp-block-column-is-layout-flow\" style=\"flex-basis:66.66%\">\n<p class=\"wp-block-paragraph\"><strong>Jeudi-et vendredi soir et samedi midi<\/strong><br>Entr\u00e9e + choix de plat de viande ou de poisson<\/p>\n<\/div>\n\n\n\n<div class=\"wp-block-column is-layout-flow wp-block-column-is-layout-flow\" style=\"flex-basis:33.33%\">\n<p class=\"wp-block-paragraph\"><br>\u20ac43,0<\/p>\n<\/div>\n<\/div>\n\n\n\n<div class=\"wp-block-columns is-layout-flex wp-container-core-columns-is-layout-7387b849 wp-block-columns-is-layout-flex\">\n<div class=\"wp-block-column is-layout-flow wp-block-column-is-layout-flow\" style=\"flex-basis:66.66%\">\n<p class=\"wp-block-paragraph\"><strong>Samedi soir et dimanche midi<\/strong><br>Entr\u00e9e + choix de plat de viande ou de poisson<\/p>\n<\/div>\n\n\n\n<div class=\"wp-block-column is-layout-flow wp-block-column-is-layout-flow\" style=\"flex-basis:33.33%\">\n<p class=\"wp-block-paragraph\"><br>\u20ac47,5<\/p>\n<\/div>\n<\/div>\n\n\n\n<p class=\"wp-block-paragraph\"><br>A partir de 7 personnes vous devez nous contacter auparavant!<\/p>\n<\/div><\/div>\n<\/div><\/div>\n<\/div><\/div>\n<\/div><\/div>\n\n\n\n<div style=\"height:20px\" aria-hidden=\"true\" class=\"wp-block-spacer\"><\/div>\n\n\n\n<div class=\"wp-block-buttons alignfull is-horizontal is-content-justification-center is-layout-flex wp-container-core-buttons-is-layout-cbcdc57d wp-block-buttons-is-layout-flex\">\n<div class=\"wp-block-button has-custom-width wp-block-button__width-100\"><a class=\"wp-block-button__link wp-element-button\" href=\"https:\/\/roodenscilt.be\/fr\/menu\/\">Retour \u00e0 la liste des menus<\/a><\/div>\n<\/div>\n\n\n\n<tbkr-bm-widget restaurant-id=\"36896802\" source=\"website\" use-modal=\"1\" location=\"right\" lang=\"fr\" theme=\"light\" primary-color=\"#9d0000\"><\/tbkr-bm-widget>\n<script src=\"https:\/\/reservations.tablebooker.com\/tbkr-widget-import.min.js\"><\/script>\n","protected":false},"excerpt":{"rendered":"","protected":false},"author":196681203,"featured_media":0,"parent":0,"menu_order":0,"comment_status":"closed","ping_status":"closed","template":"","meta":{"_coblocks_attr":"","_coblocks_dimensions":"","_coblocks_responsive_height":"","_coblocks_accordion_ie_support":"","_crdt_document":"","jetpack_post_was_ever_published":false,"footnotes":""},"class_list":["post-2047","page","type-page","status-publish","hentry","entry"],"yoast_head":"<!-- This site is optimized with the Yoast SEO plugin v27.3 - https:\/\/yoast.com\/product\/yoast-seo-wordpress\/ -->\n<title>R\u00e9gine&#039;s lunch - Menu TSCILT - Restaurant Rooden Scilt Erps-Kwerps<\/title>\n<meta name=\"robots\" content=\"index, follow, max-snippet:-1, max-image-preview:large, max-video-preview:-1\" \/>\n<link rel=\"canonical\" href=\"https:\/\/roodenscilt.be\/fr\/regines-lunch\/\" \/>\n<meta property=\"og:locale\" content=\"fr_FR\" \/>\n<meta property=\"og:type\" content=\"article\" \/>\n<meta property=\"og:title\" content=\"R\u00e9gine&#039;s lunch - Menu TSCILT - Restaurant Rooden Scilt Erps-Kwerps\" \/>\n<meta property=\"og:url\" content=\"https:\/\/roodenscilt.be\/fr\/regines-lunch\/\" \/>\n<meta property=\"og:site_name\" content=\"Restaurant Rooden Scilt Erps-Kwerps\" \/>\n<meta property=\"article:modified_time\" content=\"2025-04-11T10:09:15+00:00\" \/>\n<meta property=\"og:image\" content=\"https:\/\/roodenscilt.be\/wp-content\/uploads\/2021\/08\/regine-nieuwe-foto-1.jpg\" \/>\n<meta name=\"twitter:card\" content=\"summary_large_image\" \/>\n<meta name=\"twitter:label1\" content=\"Dur\u00e9e de lecture estim\u00e9e\" \/>\n\t<meta name=\"twitter:data1\" content=\"1 minute\" \/>\n<script type=\"application\/ld+json\" class=\"yoast-schema-graph\">{\"@context\":\"https:\\\/\\\/schema.org\",\"@graph\":[{\"@type\":\"WebPage\",\"@id\":\"https:\\\/\\\/roodenscilt.be\\\/fr\\\/regines-lunch\\\/\",\"url\":\"https:\\\/\\\/roodenscilt.be\\\/fr\\\/regines-lunch\\\/\",\"name\":\"R\u00e9gine's lunch - Menu TSCILT - Restaurant Rooden Scilt Erps-Kwerps\",\"isPartOf\":{\"@id\":\"https:\\\/\\\/roodenscilt.be\\\/#website\"},\"primaryImageOfPage\":{\"@id\":\"https:\\\/\\\/roodenscilt.be\\\/fr\\\/regines-lunch\\\/#primaryimage\"},\"image\":{\"@id\":\"https:\\\/\\\/roodenscilt.be\\\/fr\\\/regines-lunch\\\/#primaryimage\"},\"thumbnailUrl\":\"https:\\\/\\\/roodenscilt.be\\\/wp-content\\\/uploads\\\/2021\\\/08\\\/regine-nieuwe-foto-1.jpg\",\"datePublished\":\"2021-06-04T07:20:27+00:00\",\"dateModified\":\"2025-04-11T10:09:15+00:00\",\"breadcrumb\":{\"@id\":\"https:\\\/\\\/roodenscilt.be\\\/fr\\\/regines-lunch\\\/#breadcrumb\"},\"inLanguage\":\"fr-FR\",\"potentialAction\":[{\"@type\":\"ReadAction\",\"target\":[\"https:\\\/\\\/roodenscilt.be\\\/fr\\\/regines-lunch\\\/\"]}]},{\"@type\":\"ImageObject\",\"inLanguage\":\"fr-FR\",\"@id\":\"https:\\\/\\\/roodenscilt.be\\\/fr\\\/regines-lunch\\\/#primaryimage\",\"url\":\"https:\\\/\\\/roodenscilt.be\\\/wp-content\\\/uploads\\\/2021\\\/08\\\/regine-nieuwe-foto-1.jpg\",\"contentUrl\":\"https:\\\/\\\/roodenscilt.be\\\/wp-content\\\/uploads\\\/2021\\\/08\\\/regine-nieuwe-foto-1.jpg\"},{\"@type\":\"BreadcrumbList\",\"@id\":\"https:\\\/\\\/roodenscilt.be\\\/fr\\\/regines-lunch\\\/#breadcrumb\",\"itemListElement\":[{\"@type\":\"ListItem\",\"position\":1,\"name\":\"Home\",\"item\":\"https:\\\/\\\/roodenscilt.be\\\/fr\\\/\"},{\"@type\":\"ListItem\",\"position\":2,\"name\":\"R\u00e9gine&#8217;s lunch &#8211; Menu TSCILT\"}]},{\"@type\":\"WebSite\",\"@id\":\"https:\\\/\\\/roodenscilt.be\\\/#website\",\"url\":\"https:\\\/\\\/roodenscilt.be\\\/\",\"name\":\"Restaurant Rooden Scilt Erps-Kwerps\",\"description\":\"\",\"publisher\":{\"@id\":\"https:\\\/\\\/roodenscilt.be\\\/#organization\"},\"potentialAction\":[{\"@type\":\"SearchAction\",\"target\":{\"@type\":\"EntryPoint\",\"urlTemplate\":\"https:\\\/\\\/roodenscilt.be\\\/?s={search_term_string}\"},\"query-input\":{\"@type\":\"PropertyValueSpecification\",\"valueRequired\":true,\"valueName\":\"search_term_string\"}}],\"inLanguage\":\"fr-FR\"},{\"@type\":\"Organization\",\"@id\":\"https:\\\/\\\/roodenscilt.be\\\/#organization\",\"name\":\"Restaurant Rooden Scilt Erps-Kwerps\",\"url\":\"https:\\\/\\\/roodenscilt.be\\\/\",\"logo\":{\"@type\":\"ImageObject\",\"inLanguage\":\"fr-FR\",\"@id\":\"https:\\\/\\\/roodenscilt.be\\\/#\\\/schema\\\/logo\\\/image\\\/\",\"url\":\"https:\\\/\\\/i0.wp.com\\\/roodenscilt.be\\\/wp-content\\\/uploads\\\/2022\\\/09\\\/logo_tscilt.png?fit=404%2C95&ssl=1\",\"contentUrl\":\"https:\\\/\\\/i0.wp.com\\\/roodenscilt.be\\\/wp-content\\\/uploads\\\/2022\\\/09\\\/logo_tscilt.png?fit=404%2C95&ssl=1\",\"width\":404,\"height\":95,\"caption\":\"Restaurant Rooden Scilt Erps-Kwerps\"},\"image\":{\"@id\":\"https:\\\/\\\/roodenscilt.be\\\/#\\\/schema\\\/logo\\\/image\\\/\"}}]}<\/script>\n<!-- \/ Yoast SEO plugin. -->","yoast_head_json":{"title":"R\u00e9gine's lunch - Menu TSCILT - Restaurant Rooden Scilt Erps-Kwerps","robots":{"index":"index","follow":"follow","max-snippet":"max-snippet:-1","max-image-preview":"max-image-preview:large","max-video-preview":"max-video-preview:-1"},"canonical":"https:\/\/roodenscilt.be\/fr\/regines-lunch\/","og_locale":"fr_FR","og_type":"article","og_title":"R\u00e9gine's lunch - Menu TSCILT - Restaurant Rooden Scilt Erps-Kwerps","og_url":"https:\/\/roodenscilt.be\/fr\/regines-lunch\/","og_site_name":"Restaurant Rooden Scilt Erps-Kwerps","article_modified_time":"2025-04-11T10:09:15+00:00","og_image":[{"url":"https:\/\/roodenscilt.be\/wp-content\/uploads\/2021\/08\/regine-nieuwe-foto-1.jpg","type":"","width":"","height":""}],"twitter_card":"summary_large_image","twitter_misc":{"Dur\u00e9e de lecture estim\u00e9e":"1 minute"},"schema":{"@context":"https:\/\/schema.org","@graph":[{"@type":"WebPage","@id":"https:\/\/roodenscilt.be\/fr\/regines-lunch\/","url":"https:\/\/roodenscilt.be\/fr\/regines-lunch\/","name":"R\u00e9gine's lunch - Menu TSCILT - Restaurant Rooden Scilt Erps-Kwerps","isPartOf":{"@id":"https:\/\/roodenscilt.be\/#website"},"primaryImageOfPage":{"@id":"https:\/\/roodenscilt.be\/fr\/regines-lunch\/#primaryimage"},"image":{"@id":"https:\/\/roodenscilt.be\/fr\/regines-lunch\/#primaryimage"},"thumbnailUrl":"https:\/\/roodenscilt.be\/wp-content\/uploads\/2021\/08\/regine-nieuwe-foto-1.jpg","datePublished":"2021-06-04T07:20:27+00:00","dateModified":"2025-04-11T10:09:15+00:00","breadcrumb":{"@id":"https:\/\/roodenscilt.be\/fr\/regines-lunch\/#breadcrumb"},"inLanguage":"fr-FR","potentialAction":[{"@type":"ReadAction","target":["https:\/\/roodenscilt.be\/fr\/regines-lunch\/"]}]},{"@type":"ImageObject","inLanguage":"fr-FR","@id":"https:\/\/roodenscilt.be\/fr\/regines-lunch\/#primaryimage","url":"https:\/\/roodenscilt.be\/wp-content\/uploads\/2021\/08\/regine-nieuwe-foto-1.jpg","contentUrl":"https:\/\/roodenscilt.be\/wp-content\/uploads\/2021\/08\/regine-nieuwe-foto-1.jpg"},{"@type":"BreadcrumbList","@id":"https:\/\/roodenscilt.be\/fr\/regines-lunch\/#breadcrumb","itemListElement":[{"@type":"ListItem","position":1,"name":"Home","item":"https:\/\/roodenscilt.be\/fr\/"},{"@type":"ListItem","position":2,"name":"R\u00e9gine&#8217;s lunch &#8211; Menu TSCILT"}]},{"@type":"WebSite","@id":"https:\/\/roodenscilt.be\/#website","url":"https:\/\/roodenscilt.be\/","name":"Restaurant Rooden Scilt Erps-Kwerps","description":"","publisher":{"@id":"https:\/\/roodenscilt.be\/#organization"},"potentialAction":[{"@type":"SearchAction","target":{"@type":"EntryPoint","urlTemplate":"https:\/\/roodenscilt.be\/?s={search_term_string}"},"query-input":{"@type":"PropertyValueSpecification","valueRequired":true,"valueName":"search_term_string"}}],"inLanguage":"fr-FR"},{"@type":"Organization","@id":"https:\/\/roodenscilt.be\/#organization","name":"Restaurant Rooden Scilt Erps-Kwerps","url":"https:\/\/roodenscilt.be\/","logo":{"@type":"ImageObject","inLanguage":"fr-FR","@id":"https:\/\/roodenscilt.be\/#\/schema\/logo\/image\/","url":"https:\/\/i0.wp.com\/roodenscilt.be\/wp-content\/uploads\/2022\/09\/logo_tscilt.png?fit=404%2C95&ssl=1","contentUrl":"https:\/\/i0.wp.com\/roodenscilt.be\/wp-content\/uploads\/2022\/09\/logo_tscilt.png?fit=404%2C95&ssl=1","width":404,"height":95,"caption":"Restaurant Rooden Scilt Erps-Kwerps"},"image":{"@id":"https:\/\/roodenscilt.be\/#\/schema\/logo\/image\/"}}]}},"jetpack_likes_enabled":true,"jetpack_sharing_enabled":true,"jetpack_shortlink":"https:\/\/wp.me\/PcyOSv-x1","_links":{"self":[{"href":"https:\/\/roodenscilt.be\/fr\/wp-json\/wp\/v2\/pages\/2047","targetHints":{"allow":["GET"]}}],"collection":[{"href":"https:\/\/roodenscilt.be\/fr\/wp-json\/wp\/v2\/pages"}],"about":[{"href":"https:\/\/roodenscilt.be\/fr\/wp-json\/wp\/v2\/types\/page"}],"author":[{"embeddable":true,"href":"https:\/\/roodenscilt.be\/fr\/wp-json\/wp\/v2\/users\/196681203"}],"replies":[{"embeddable":true,"href":"https:\/\/roodenscilt.be\/fr\/wp-json\/wp\/v2\/comments?post=2047"}],"version-history":[{"count":55,"href":"https:\/\/roodenscilt.be\/fr\/wp-json\/wp\/v2\/pages\/2047\/revisions"}],"predecessor-version":[{"id":7175,"href":"https:\/\/roodenscilt.be\/fr\/wp-json\/wp\/v2\/pages\/2047\/revisions\/7175"}],"wp:attachment":[{"href":"https:\/\/roodenscilt.be\/fr\/wp-json\/wp\/v2\/media?parent=2047"}],"curies":[{"name":"wp","href":"https:\/\/api.w.org\/{rel}","templated":true}]}}