{"id":2031,"date":"2021-06-04T09:01:17","date_gmt":"2021-06-04T07:01:17","guid":{"rendered":"https:\/\/roodenscilt.be\/?page_id=2031"},"modified":"2026-04-28T08:21:12","modified_gmt":"2026-04-28T06:21:12","slug":"menu-pierrot","status":"publish","type":"page","link":"https:\/\/roodenscilt.be\/fr\/menu-pierrot\/","title":{"rendered":"Menu Pierrot"},"content":{"rendered":"\n<div class=\"wp-block-buttons alignfull is-horizontal is-content-justification-center is-layout-flex wp-container-core-buttons-is-layout-cbcdc57d wp-block-buttons-is-layout-flex\">\n<div style=\"--wp--block-button--width: 100;\" class=\"wp-block-button has-custom-width wp-block-button__width wp-block-button__width-100\"><a class=\"wp-block-button__link has-background-color has-foreground-background-color has-text-color has-background has-link-color wp-element-button\" href=\"https:\/\/roodenscilt.be\/fr\/menu\/\">Retour \u00e0 la liste des menus<\/a><\/div>\n<\/div>\n\n\n\n<div class=\"wp-block-group alignfull has-tertiary-background-color has-background\"><div class=\"wp-block-group__inner-container is-layout-flow wp-block-group-is-layout-flow\">\n<div class=\"wp-block-cover alignfull is-style-default m0\" style=\"min-height:202px;aspect-ratio:unset;\"><img data-recalc-dims=\"1\" loading=\"lazy\" decoding=\"async\" width=\"750\" height=\"550\" data-attachment-id=\"4000\" data-permalink=\"https:\/\/roodenscilt.be\/fr\/restaurant-rooden-scilt\/53-3-2\/\" data-orig-file=\"https:\/\/i0.wp.com\/roodenscilt.be\/wp-content\/uploads\/2022\/06\/53.jpg?fit=4000%2C2934&amp;ssl=1\" data-orig-size=\"4000,2934\" data-comments-opened=\"1\" data-image-meta=\"{&quot;aperture&quot;:&quot;1.8&quot;,&quot;credit&quot;:&quot;PHILIPPE_JESPERS&quot;,&quot;camera&quot;:&quot;Canon EOS 6D&quot;,&quot;caption&quot;:&quot;&quot;,&quot;created_timestamp&quot;:&quot;1648925906&quot;,&quot;copyright&quot;:&quot;PHILIPPE_JESPERS&quot;,&quot;focal_length&quot;:&quot;50&quot;,&quot;iso&quot;:&quot;250&quot;,&quot;shutter_speed&quot;:&quot;0.025&quot;,&quot;title&quot;:&quot;&quot;,&quot;orientation&quot;:&quot;0&quot;}\" data-image-title=\"53\" data-image-description=\"\" data-image-caption=\"\" data-large-file=\"https:\/\/i0.wp.com\/roodenscilt.be\/wp-content\/uploads\/2022\/06\/53.jpg?fit=750%2C550&amp;ssl=1\" class=\"wp-block-cover__image-background wp-image-4000\" alt=\"\" src=\"https:\/\/i0.wp.com\/roodenscilt.be\/wp-content\/uploads\/2022\/06\/53.jpg?resize=750%2C550&#038;ssl=1\" style=\"object-position:55% 58%\" data-object-fit=\"cover\" data-object-position=\"55% 58%\" srcset=\"https:\/\/i0.wp.com\/roodenscilt.be\/wp-content\/uploads\/2022\/06\/53.jpg?w=4000&amp;ssl=1 4000w, https:\/\/i0.wp.com\/roodenscilt.be\/wp-content\/uploads\/2022\/06\/53.jpg?resize=300%2C220&amp;ssl=1 300w, https:\/\/i0.wp.com\/roodenscilt.be\/wp-content\/uploads\/2022\/06\/53.jpg?resize=1024%2C751&amp;ssl=1 1024w, https:\/\/i0.wp.com\/roodenscilt.be\/wp-content\/uploads\/2022\/06\/53.jpg?resize=768%2C563&amp;ssl=1 768w, https:\/\/i0.wp.com\/roodenscilt.be\/wp-content\/uploads\/2022\/06\/53.jpg?resize=1536%2C1127&amp;ssl=1 1536w, https:\/\/i0.wp.com\/roodenscilt.be\/wp-content\/uploads\/2022\/06\/53.jpg?resize=2048%2C1502&amp;ssl=1 2048w, https:\/\/i0.wp.com\/roodenscilt.be\/wp-content\/uploads\/2022\/06\/53.jpg?resize=1200%2C880&amp;ssl=1 1200w, https:\/\/i0.wp.com\/roodenscilt.be\/wp-content\/uploads\/2022\/06\/53.jpg?resize=1568%2C1150&amp;ssl=1 1568w, https:\/\/i0.wp.com\/roodenscilt.be\/wp-content\/uploads\/2022\/06\/53.jpg?w=2250&amp;ssl=1 2250w\" sizes=\"auto, (max-width: 750px) 100vw, 750px\" \/><span aria-hidden=\"true\" class=\"wp-block-cover__background has-background-dim-10 has-background-dim\"><\/span><div class=\"wp-block-cover__inner-container is-layout-flow wp-block-cover-is-layout-flow\">\n<p class=\"has-text-align-center has-large-font-size wp-block-paragraph\"><\/p>\n<\/div><\/div>\n\n\n\n<div class=\"wp-block-group alignfull m0 has-background-background-color has-background\"><div class=\"wp-block-group__inner-container is-layout-flow wp-block-group-is-layout-flow\">\n<p class=\"has-text-align-center has-large-font-size wp-block-paragraph\">Bistronomie<\/p>\n\n\n\n<p class=\"has-text-align-center m0 has-primary-color has-text-color has-custom-letterspacing wp-block-paragraph\" style=\"letter-spacing:3px;font-size:15px\"><strong>Duo fondue parmesan-croq. aux crevettes<br><\/strong>crudit\u00e9s-citron-persil frit<br><em>ou<\/em><\/p>\n\n\n\n<p class=\"has-text-align-center m0 has-primary-color has-text-color has-custom-letterspacing wp-block-paragraph\" style=\"line-height:1.4;letter-spacing:3px;font-size:15px\"><strong>Terrine de foie d\u2019oie-grissini-serrano<br><\/strong>betterave rouge-brioche chaude <br><em>ou<\/em><\/p>\n\n\n\n<p class=\"has-text-align-center m0 has-primary-color has-text-color has-custom-letterspacing wp-block-paragraph\" style=\"line-height:1.4;letter-spacing:3px;font-size:15px\"><strong>Belle solette poch\u00e9e et far\u00e7ie-au Riesling<br><\/strong>champignon blanc-poireau-d\u00fbchesse<\/p>\n\n\n\n<hr class=\"wp-block-coblocks-dynamic-separator is-style-line\" style=\"height:20px\"\/>\n\n\n\n<p class=\"has-text-align-center m0 has-primary-color has-text-color has-custom-letterspacing wp-block-paragraph\" style=\"line-height:1.4;letter-spacing:3px;font-size:15px\"><strong>B\u0153uf-mignon-Black Angus-poivre concass\u00e9<br><\/strong>jardini\u00e8re-laitue-frites fra\u00eeches<br><em>ou<\/em><\/p>\n\n\n\n<p class=\"has-text-align-center m0 has-primary-color has-text-color has-custom-letterspacing wp-block-paragraph\" style=\"line-height:1.4;letter-spacing:3px;font-size:15px\"><strong>Dos de cabillaud-crevettes grises-moules<\/strong><br>panko-\u00e9pinards-pur\u00e9e de bintjes<br><em>ou<\/em><\/p>\n\n\n\n<p class=\"has-text-align-center m0 has-primary-color has-text-color has-custom-letterspacing wp-block-paragraph\" style=\"line-height:1.4;letter-spacing:3px;font-size:15px\"><strong>Magret de canard de Challans-primeurs<br><\/strong>romarin-acacia-mangetout<\/p>\n\n\n\n<hr class=\"wp-block-coblocks-dynamic-separator is-style-line\" style=\"height:20px\"\/>\n\n\n\n<p class=\"has-text-align-center m0 has-primary-color has-text-color has-custom-letterspacing wp-block-paragraph\" style=\"line-height:1.4;letter-spacing:3px;font-size:15px\"><br><strong><strong>Fraises r\u00e9gionales-compote du rhubarbe<br><\/strong><\/strong>espuma Limoncello-glace \u00e0 la vanille<br><em>ou<\/em><\/p>\n\n\n\n<p class=\"has-text-align-center m0 has-primary-color has-text-color has-custom-letterspacing wp-block-paragraph\" style=\"line-height:1.4;letter-spacing:3px;font-size:15px\"><strong>Assiette de fromages-assortiment-figue<br><\/strong>noix mixed (suppl.\u20ac6)<\/p>\n\n\n\n<p class=\"has-text-align-center has-primary-color has-text-color wp-block-paragraph\"><strong>74  EURO<\/strong><\/p>\n\n\n\n<p class=\"has-text-align-center has-foreground-color has-text-color wp-block-paragraph\"><em>&nbsp;Le menu est servi par table<\/em><\/p>\n<\/div><\/div>\n<\/div><\/div>\n\n\n\n<div class=\"wp-block-coblocks-row alignfull coblocks-row-43102738295 m0 mb-0 mt-0\" data-columns=\"1\" data-layout=\"100\"><div class=\"m0 wp-block-coblocks-row__inner has-tertiary-background-color has-background has-padding has-medium-padding has-no-margin is-stacked-on-mobile has-medium-gutter\">\n<div class=\"wp-block-coblocks-column coblocks-column-4310274085\" style=\"width:100%\"><div class=\"wp-block-coblocks-column__inner has-no-padding has-no-margin\">\n<p class=\"has-text-align-center has-background-color has-tertiary-background-color has-text-color has-background wp-block-paragraph\"><strong><em>Souvenier Pierrot Fonteyne<\/em><br><em>Pr\u00e9sident des Ma\u00eetres Cuisiniers de Belgique<\/em><\/strong><\/p>\n<\/div><\/div>\n<\/div><\/div>\n\n\n\n<div style=\"height:20px\" aria-hidden=\"true\" class=\"wp-block-spacer\"><\/div>\n\n\n\n<div class=\"wp-block-buttons alignfull m0 is-horizontal is-content-justification-center is-layout-flex wp-container-core-buttons-is-layout-cbcdc57d wp-block-buttons-is-layout-flex\">\n<div style=\"--wp--block-button--width: 100;\" class=\"wp-block-button has-custom-width wp-block-button__width wp-block-button__width-100\"><a class=\"wp-block-button__link wp-element-button\" href=\"https:\/\/roodenscilt.be\/fr\/menu\/\">Retour \u00e0 la liste des menus<\/a><\/div>\n<\/div>\n\n\n\n<tbkr-bm-widget restaurant-id=\"36896802\" source=\"website\" use-modal=\"1\" location=\"right\" lang=\"fr\" theme=\"light\" primary-color=\"#9d0000\"><\/tbkr-bm-widget>\n<script src=\"https:\/\/reservations.tablebooker.com\/tbkr-widget-import.min.js\"><\/script>\n\n\n\n<p class=\"wp-block-paragraph\"><\/p>\n","protected":false},"excerpt":{"rendered":"<p>Bistronomie Duo fondue parmesan-croq. aux crevettescrudit\u00e9s-citron-persil fritou Terrine de foie d\u2019oie-grissini-serranobetterave rouge-brioche chaude ou Belle solette poch\u00e9e et far\u00e7ie-au Rieslingchampignon blanc-poireau-d\u00fbchesse B\u0153uf-mignon-Black Angus-poivre concass\u00e9jardini\u00e8re-laitue-frites fra\u00eechesou Dos de cabillaud-crevettes grises-moulespanko-\u00e9pinards-pur\u00e9e de bintjesou Magret de canard de Challans-primeursromarin-acacia-mangetout Fraises r\u00e9gionales-compote du rhubarbeespuma Limoncello-glace \u00e0 la vanilleou Assiette de fromages-assortiment-figuenoix mixed (suppl.\u20ac6) 74 EURO &nbsp;Le menu est servi<a class=\"more-link\" href=\"https:\/\/roodenscilt.be\/fr\/menu-pierrot\/\">Lire la suite <span class=\"screen-reader-text\">\u00ab\u00a0Menu Pierrot\u00a0\u00bb<\/span><\/a><\/p>\n","protected":false},"author":196681203,"featured_media":0,"parent":0,"menu_order":0,"comment_status":"closed","ping_status":"closed","template":"","meta":{"_coblocks_attr":"","_coblocks_dimensions":"","_coblocks_responsive_height":"","_coblocks_accordion_ie_support":"","_crdt_document":"","footnotes":""},"class_list":["post-2031","page","type-page","status-publish","hentry","entry"],"yoast_head":"<!-- This site is optimized with the Yoast SEO plugin v27.5 - https:\/\/yoast.com\/product\/yoast-seo-wordpress\/ -->\n<title>Menu Pierrot - Restaurant Rooden Scilt Erps-Kwerps<\/title>\n<meta name=\"robots\" content=\"index, follow, max-snippet:-1, max-image-preview:large, max-video-preview:-1\" \/>\n<link rel=\"canonical\" href=\"https:\/\/roodenscilt.be\/fr\/menu-pierrot\/\" \/>\n<meta property=\"og:locale\" content=\"fr_FR\" \/>\n<meta property=\"og:type\" content=\"article\" \/>\n<meta property=\"og:title\" content=\"Menu Pierrot - Restaurant Rooden Scilt Erps-Kwerps\" \/>\n<meta property=\"og:description\" content=\"Bistronomie Duo fondue parmesan-croq. aux crevettescrudit\u00e9s-citron-persil fritou Terrine de foie d\u2019oie-grissini-serranobetterave rouge-brioche chaude ou Belle solette poch\u00e9e et far\u00e7ie-au Rieslingchampignon blanc-poireau-d\u00fbchesse B\u0153uf-mignon-Black Angus-poivre concass\u00e9jardini\u00e8re-laitue-frites fra\u00eechesou Dos de cabillaud-crevettes grises-moulespanko-\u00e9pinards-pur\u00e9e de bintjesou Magret de canard de Challans-primeursromarin-acacia-mangetout Fraises r\u00e9gionales-compote du rhubarbeespuma Limoncello-glace \u00e0 la vanilleou Assiette de fromages-assortiment-figuenoix mixed (suppl.\u20ac6) 74 EURO &nbsp;Le menu est serviLire la suite &quot;Menu Pierrot&quot;\" \/>\n<meta property=\"og:url\" content=\"https:\/\/roodenscilt.be\/fr\/menu-pierrot\/\" \/>\n<meta property=\"og:site_name\" content=\"Restaurant Rooden Scilt Erps-Kwerps\" \/>\n<meta property=\"article:modified_time\" content=\"2026-04-28T06:21:12+00:00\" \/>\n<meta property=\"og:image\" content=\"https:\/\/roodenscilt.be\/wp-content\/uploads\/2022\/06\/53.jpg\" \/>\n<meta name=\"twitter:card\" content=\"summary_large_image\" \/>\n<meta name=\"twitter:label1\" content=\"Dur\u00e9e de lecture estim\u00e9e\" \/>\n\t<meta name=\"twitter:data1\" content=\"1 minute\" \/>\n<script type=\"application\/ld+json\" class=\"yoast-schema-graph\">{\"@context\":\"https:\\\/\\\/schema.org\",\"@graph\":[{\"@type\":\"WebPage\",\"@id\":\"https:\\\/\\\/roodenscilt.be\\\/fr\\\/menu-pierrot\\\/\",\"url\":\"https:\\\/\\\/roodenscilt.be\\\/fr\\\/menu-pierrot\\\/\",\"name\":\"Menu Pierrot - Restaurant Rooden Scilt Erps-Kwerps\",\"isPartOf\":{\"@id\":\"https:\\\/\\\/roodenscilt.be\\\/#website\"},\"primaryImageOfPage\":{\"@id\":\"https:\\\/\\\/roodenscilt.be\\\/fr\\\/menu-pierrot\\\/#primaryimage\"},\"image\":{\"@id\":\"https:\\\/\\\/roodenscilt.be\\\/fr\\\/menu-pierrot\\\/#primaryimage\"},\"thumbnailUrl\":\"https:\\\/\\\/roodenscilt.be\\\/wp-content\\\/uploads\\\/2022\\\/06\\\/53.jpg\",\"datePublished\":\"2021-06-04T07:01:17+00:00\",\"dateModified\":\"2026-04-28T06:21:12+00:00\",\"breadcrumb\":{\"@id\":\"https:\\\/\\\/roodenscilt.be\\\/fr\\\/menu-pierrot\\\/#breadcrumb\"},\"inLanguage\":\"fr-FR\",\"potentialAction\":[{\"@type\":\"ReadAction\",\"target\":[\"https:\\\/\\\/roodenscilt.be\\\/fr\\\/menu-pierrot\\\/\"]}]},{\"@type\":\"ImageObject\",\"inLanguage\":\"fr-FR\",\"@id\":\"https:\\\/\\\/roodenscilt.be\\\/fr\\\/menu-pierrot\\\/#primaryimage\",\"url\":\"https:\\\/\\\/roodenscilt.be\\\/wp-content\\\/uploads\\\/2022\\\/06\\\/53.jpg\",\"contentUrl\":\"https:\\\/\\\/roodenscilt.be\\\/wp-content\\\/uploads\\\/2022\\\/06\\\/53.jpg\"},{\"@type\":\"BreadcrumbList\",\"@id\":\"https:\\\/\\\/roodenscilt.be\\\/fr\\\/menu-pierrot\\\/#breadcrumb\",\"itemListElement\":[{\"@type\":\"ListItem\",\"position\":1,\"name\":\"Home\",\"item\":\"https:\\\/\\\/roodenscilt.be\\\/fr\\\/\"},{\"@type\":\"ListItem\",\"position\":2,\"name\":\"Menu Pierrot\"}]},{\"@type\":\"WebSite\",\"@id\":\"https:\\\/\\\/roodenscilt.be\\\/#website\",\"url\":\"https:\\\/\\\/roodenscilt.be\\\/\",\"name\":\"Restaurant Rooden Scilt Erps-Kwerps\",\"description\":\"\",\"publisher\":{\"@id\":\"https:\\\/\\\/roodenscilt.be\\\/#organization\"},\"potentialAction\":[{\"@type\":\"SearchAction\",\"target\":{\"@type\":\"EntryPoint\",\"urlTemplate\":\"https:\\\/\\\/roodenscilt.be\\\/?s={search_term_string}\"},\"query-input\":{\"@type\":\"PropertyValueSpecification\",\"valueRequired\":true,\"valueName\":\"search_term_string\"}}],\"inLanguage\":\"fr-FR\"},{\"@type\":\"Organization\",\"@id\":\"https:\\\/\\\/roodenscilt.be\\\/#organization\",\"name\":\"Restaurant Rooden Scilt Erps-Kwerps\",\"url\":\"https:\\\/\\\/roodenscilt.be\\\/\",\"logo\":{\"@type\":\"ImageObject\",\"inLanguage\":\"fr-FR\",\"@id\":\"https:\\\/\\\/roodenscilt.be\\\/#\\\/schema\\\/logo\\\/image\\\/\",\"url\":\"https:\\\/\\\/i0.wp.com\\\/roodenscilt.be\\\/wp-content\\\/uploads\\\/2022\\\/09\\\/logo_tscilt.png?fit=404%2C95&ssl=1\",\"contentUrl\":\"https:\\\/\\\/i0.wp.com\\\/roodenscilt.be\\\/wp-content\\\/uploads\\\/2022\\\/09\\\/logo_tscilt.png?fit=404%2C95&ssl=1\",\"width\":404,\"height\":95,\"caption\":\"Restaurant Rooden Scilt Erps-Kwerps\"},\"image\":{\"@id\":\"https:\\\/\\\/roodenscilt.be\\\/#\\\/schema\\\/logo\\\/image\\\/\"}}]}<\/script>\n<!-- \/ Yoast SEO plugin. -->","yoast_head_json":{"title":"Menu Pierrot - Restaurant Rooden Scilt Erps-Kwerps","robots":{"index":"index","follow":"follow","max-snippet":"max-snippet:-1","max-image-preview":"max-image-preview:large","max-video-preview":"max-video-preview:-1"},"canonical":"https:\/\/roodenscilt.be\/fr\/menu-pierrot\/","og_locale":"fr_FR","og_type":"article","og_title":"Menu Pierrot - Restaurant Rooden Scilt Erps-Kwerps","og_description":"Bistronomie Duo fondue parmesan-croq. aux crevettescrudit\u00e9s-citron-persil fritou Terrine de foie d\u2019oie-grissini-serranobetterave rouge-brioche chaude ou Belle solette poch\u00e9e et far\u00e7ie-au Rieslingchampignon blanc-poireau-d\u00fbchesse B\u0153uf-mignon-Black Angus-poivre concass\u00e9jardini\u00e8re-laitue-frites fra\u00eechesou Dos de cabillaud-crevettes grises-moulespanko-\u00e9pinards-pur\u00e9e de bintjesou Magret de canard de Challans-primeursromarin-acacia-mangetout Fraises r\u00e9gionales-compote du rhubarbeespuma Limoncello-glace \u00e0 la vanilleou Assiette de fromages-assortiment-figuenoix mixed (suppl.\u20ac6) 74 EURO &nbsp;Le menu est serviLire la suite \"Menu Pierrot\"","og_url":"https:\/\/roodenscilt.be\/fr\/menu-pierrot\/","og_site_name":"Restaurant Rooden Scilt Erps-Kwerps","article_modified_time":"2026-04-28T06:21:12+00:00","og_image":[{"url":"https:\/\/roodenscilt.be\/wp-content\/uploads\/2022\/06\/53.jpg","type":"","width":"","height":""}],"twitter_card":"summary_large_image","twitter_misc":{"Dur\u00e9e de lecture estim\u00e9e":"1 minute"},"schema":{"@context":"https:\/\/schema.org","@graph":[{"@type":"WebPage","@id":"https:\/\/roodenscilt.be\/fr\/menu-pierrot\/","url":"https:\/\/roodenscilt.be\/fr\/menu-pierrot\/","name":"Menu Pierrot - Restaurant Rooden Scilt Erps-Kwerps","isPartOf":{"@id":"https:\/\/roodenscilt.be\/#website"},"primaryImageOfPage":{"@id":"https:\/\/roodenscilt.be\/fr\/menu-pierrot\/#primaryimage"},"image":{"@id":"https:\/\/roodenscilt.be\/fr\/menu-pierrot\/#primaryimage"},"thumbnailUrl":"https:\/\/roodenscilt.be\/wp-content\/uploads\/2022\/06\/53.jpg","datePublished":"2021-06-04T07:01:17+00:00","dateModified":"2026-04-28T06:21:12+00:00","breadcrumb":{"@id":"https:\/\/roodenscilt.be\/fr\/menu-pierrot\/#breadcrumb"},"inLanguage":"fr-FR","potentialAction":[{"@type":"ReadAction","target":["https:\/\/roodenscilt.be\/fr\/menu-pierrot\/"]}]},{"@type":"ImageObject","inLanguage":"fr-FR","@id":"https:\/\/roodenscilt.be\/fr\/menu-pierrot\/#primaryimage","url":"https:\/\/roodenscilt.be\/wp-content\/uploads\/2022\/06\/53.jpg","contentUrl":"https:\/\/roodenscilt.be\/wp-content\/uploads\/2022\/06\/53.jpg"},{"@type":"BreadcrumbList","@id":"https:\/\/roodenscilt.be\/fr\/menu-pierrot\/#breadcrumb","itemListElement":[{"@type":"ListItem","position":1,"name":"Home","item":"https:\/\/roodenscilt.be\/fr\/"},{"@type":"ListItem","position":2,"name":"Menu Pierrot"}]},{"@type":"WebSite","@id":"https:\/\/roodenscilt.be\/#website","url":"https:\/\/roodenscilt.be\/","name":"Restaurant Rooden Scilt Erps-Kwerps","description":"","publisher":{"@id":"https:\/\/roodenscilt.be\/#organization"},"potentialAction":[{"@type":"SearchAction","target":{"@type":"EntryPoint","urlTemplate":"https:\/\/roodenscilt.be\/?s={search_term_string}"},"query-input":{"@type":"PropertyValueSpecification","valueRequired":true,"valueName":"search_term_string"}}],"inLanguage":"fr-FR"},{"@type":"Organization","@id":"https:\/\/roodenscilt.be\/#organization","name":"Restaurant Rooden Scilt Erps-Kwerps","url":"https:\/\/roodenscilt.be\/","logo":{"@type":"ImageObject","inLanguage":"fr-FR","@id":"https:\/\/roodenscilt.be\/#\/schema\/logo\/image\/","url":"https:\/\/i0.wp.com\/roodenscilt.be\/wp-content\/uploads\/2022\/09\/logo_tscilt.png?fit=404%2C95&ssl=1","contentUrl":"https:\/\/i0.wp.com\/roodenscilt.be\/wp-content\/uploads\/2022\/09\/logo_tscilt.png?fit=404%2C95&ssl=1","width":404,"height":95,"caption":"Restaurant Rooden Scilt Erps-Kwerps"},"image":{"@id":"https:\/\/roodenscilt.be\/#\/schema\/logo\/image\/"}}]}},"jetpack_likes_enabled":true,"jetpack_sharing_enabled":true,"jetpack_shortlink":"https:\/\/wp.me\/PcyOSv-wL","_links":{"self":[{"href":"https:\/\/roodenscilt.be\/fr\/wp-json\/wp\/v2\/pages\/2031","targetHints":{"allow":["GET"]}}],"collection":[{"href":"https:\/\/roodenscilt.be\/fr\/wp-json\/wp\/v2\/pages"}],"about":[{"href":"https:\/\/roodenscilt.be\/fr\/wp-json\/wp\/v2\/types\/page"}],"author":[{"embeddable":true,"href":"https:\/\/roodenscilt.be\/fr\/wp-json\/wp\/v2\/users\/196681203"}],"replies":[{"embeddable":true,"href":"https:\/\/roodenscilt.be\/fr\/wp-json\/wp\/v2\/comments?post=2031"}],"version-history":[{"count":60,"href":"https:\/\/roodenscilt.be\/fr\/wp-json\/wp\/v2\/pages\/2031\/revisions"}],"predecessor-version":[{"id":8842,"href":"https:\/\/roodenscilt.be\/fr\/wp-json\/wp\/v2\/pages\/2031\/revisions\/8842"}],"wp:attachment":[{"href":"https:\/\/roodenscilt.be\/fr\/wp-json\/wp\/v2\/media?parent=2031"}],"curies":[{"name":"wp","href":"https:\/\/api.w.org\/{rel}","templated":true}]}}